{"id":47,"date":"2013-03-12T15:35:57","date_gmt":"2013-03-12T15:35:57","guid":{"rendered":"http:\/\/www.wittich.com\/?page_id=47"},"modified":"2014-10-27T12:31:52","modified_gmt":"2014-10-27T11:31:52","slug":"allgemeine-geschaftsbedingungen-agb","status":"publish","type":"page","link":"https:\/\/www.wittich.com\/?page_id=47","title":{"rendered":"Allgemeine Gesch\u00e4ftsbedingungen (AGB)"},"content":{"rendered":"<h1 class=\"page-heading\">Partnerfirmen<\/h1>\n<ul>\n<li>Der Verkauf von Druckwerken (z.B. Kalender, B\u00fccher, Poster, Bilder, Fototassen etc.) erfolgt ausschlie\u00dflich \u00fcber Partnerfirmen.<\/li>\n<li>Alle Informationen wie AGBs, Widerrufsbelehrung, Preise, Lieferzeiten etc. finden Sie auf den Seiten der Partnerfirma.<\/li>\n<li>Wenn Sie Druckwerke (z.B. Kalender, B\u00fccher, Poster, Bilder, Fototassen etc.) bestellen, kommt ein Vertragsverh\u00e4ltnis ausschlie\u00dflich mit dieser Partnerfirma zustande. Eine Rechtsbeziehung zu uns entsteht hierbei nicht.<\/li>\n<\/ul>\n<p>&nbsp;<\/p>\n<p>&nbsp;<\/p>\n<h1 class=\"page-heading\"><\/h1>\n","protected":false},"excerpt":{"rendered":"<p>Partnerfirmen Der Verkauf von Druckwerken (z.B. Kalender, B\u00fccher, Poster, Bilder, Fototassen etc.) erfolgt ausschlie\u00dflich \u00fcber Partnerfirmen. Alle Informationen wie AGBs, Widerrufsbelehrung, Preise, Lieferzeiten etc. finden Sie auf den Seiten der Partnerfirma. Wenn Sie Druckwerke (z.B. Kalender, B\u00fccher, Poster, Bilder, Fototassen etc.) bestellen, kommt ein Vertragsverh\u00e4ltnis ausschlie\u00dflich mit dieser Partnerfirma zustande. Eine Rechtsbeziehung zu uns entsteht [&hellip;]<\/p>\n","protected":false},"author":3,"featured_media":0,"parent":0,"menu_order":0,"comment_status":"closed","ping_status":"closed","template":"","meta":{"footnotes":""},"class_list":["post-47","page","type-page","status-publish","hentry"],"_links":{"self":[{"href":"https:\/\/www.wittich.com\/index.php?rest_route=\/wp\/v2\/pages\/47","targetHints":{"allow":["GET"]}}],"collection":[{"href":"https:\/\/www.wittich.com\/index.php?rest_route=\/wp\/v2\/pages"}],"about":[{"href":"https:\/\/www.wittich.com\/index.php?rest_route=\/wp\/v2\/types\/page"}],"author":[{"embeddable":true,"href":"https:\/\/www.wittich.com\/index.php?rest_route=\/wp\/v2\/users\/3"}],"replies":[{"embeddable":true,"href":"https:\/\/www.wittich.com\/index.php?rest_route=%2Fwp%2Fv2%2Fcomments&post=47"}],"version-history":[{"count":20,"href":"https:\/\/www.wittich.com\/index.php?rest_route=\/wp\/v2\/pages\/47\/revisions"}],"predecessor-version":[{"id":1813,"href":"https:\/\/www.wittich.com\/index.php?rest_route=\/wp\/v2\/pages\/47\/revisions\/1813"}],"wp:attachment":[{"href":"https:\/\/www.wittich.com\/index.php?rest_route=%2Fwp%2Fv2%2Fmedia&parent=47"}],"curies":[{"name":"wp","href":"https:\/\/api.w.org\/{rel}","templated":true}]}}